{"id":1006,"date":"2021-12-03T13:06:18","date_gmt":"2021-12-03T12:06:18","guid":{"rendered":"https:\/\/flenstedmobiles.com\/?page_id=1006"},"modified":"2023-03-07T14:09:28","modified_gmt":"2023-03-07T13:09:28","slug":"brenderupkloden","status":"publish","type":"page","link":"https:\/\/flenstemp.awork20.dk\/da\/om-os\/brenderupkloden\/","title":{"rendered":"Brenderupkloden"},"content":{"rendered":"\t\t<div data-elementor-type=\"wp-page\" data-elementor-id=\"1006\" class=\"elementor elementor-1006 elementor-245\">\n\t\t\t\t\t\t<div class=\"elementor-inner\">\n\t\t\t\t<div class=\"elementor-section-wrap\">\n\t\t\t\t\t\t\t\t\t<section class=\"elementor-section elementor-top-section elementor-element elementor-element-41085faf elementor-section-boxed elementor-section-height-default elementor-section-height-default wpr-particle-no wpr-jarallax-no wpr-parallax-no wpr-sticky-section-no\" data-id=\"41085faf\" data-element_type=\"section\" data-settings=\"{&quot;background_background&quot;:&quot;classic&quot;}\">\n\t\t\t\t\t\t<div class=\"elementor-container elementor-column-gap-default\">\n\t\t\t\t\t\t\t<div class=\"elementor-row\">\n\t\t\t\t\t<div class=\"elementor-column elementor-col-33 elementor-top-column elementor-element elementor-element-6b1d15fd\" data-id=\"6b1d15fd\" data-element_type=\"column\" data-settings=\"{&quot;background_background&quot;:&quot;classic&quot;}\">\n\t\t\t<div class=\"elementor-column-wrap elementor-element-populated\">\n\t\t\t\t\t\t\t<div class=\"elementor-widget-wrap\">\n\t\t\t\t\t\t<div class=\"elementor-element elementor-element-736664ab elementor-widget elementor-widget-heading\" data-id=\"736664ab\" data-element_type=\"widget\" data-widget_type=\"heading.default\">\n\t\t\t\t<div class=\"elementor-widget-container\">\n\t\t\t<h2 class=\"elementor-heading-title elementor-size-default\">Om os<\/h2>\t\t<\/div>\n\t\t\t\t<\/div>\n\t\t\t\t<div class=\"elementor-element elementor-element-5830e9e2 elementor-widget elementor-widget-accordion\" data-id=\"5830e9e2\" data-element_type=\"widget\" data-widget_type=\"accordion.default\">\n\t\t\t\t<div class=\"elementor-widget-container\">\n\t\t\t\t\t<div class=\"elementor-accordion\" role=\"tablist\">\n\t\t\t\t\t\t\t<div class=\"elementor-accordion-item\">\n\t\t\t\t\t<div id=\"elementor-tab-title-1471\" class=\"elementor-tab-title\" data-tab=\"1\" role=\"tab\" aria-controls=\"elementor-tab-content-1471\" aria-expanded=\"false\">\n\t\t\t\t\t\t\t\t\t\t\t\t\t<span class=\"elementor-accordion-icon elementor-accordion-icon-right\" aria-hidden=\"true\">\n\t\t\t\t\t\t\t\t\t\t\t\t\t\t\t<span class=\"elementor-accordion-icon-closed\"><i class=\"fas fa-plus\"><\/i><\/span>\n\t\t\t\t\t\t\t\t<span class=\"elementor-accordion-icon-opened\"><i class=\"fas fa-minus\"><\/i><\/span>\n\t\t\t\t\t\t\t\t\t\t\t\t\t\t<\/span>\n\t\t\t\t\t\t\t\t\t\t\t\t<a class=\"elementor-accordion-title\" href=\"\">L\u00e6s mere<\/a>\n\t\t\t\t\t<\/div>\n\t\t\t\t\t<div id=\"elementor-tab-content-1471\" class=\"elementor-tab-content elementor-clearfix\" data-tab=\"1\" role=\"tabpanel\" aria-labelledby=\"elementor-tab-title-1471\"><p><a style=\"color: #9ea2a6 !important; font-weight: 500;\" href=\"\/da\/om-os\/flensted-mobiles-video\/\">Flensted teamet<\/a><\/p><p><a style=\"color: #9ea2a6 !important; font-weight: 500;\" href=\"\/da\/om-os\/mobilecentret\/\">Mobilecentret<\/a><\/p><p><strong>Brenderupkloden<\/strong><\/p><p><a style=\"color: #9ea2a6 !important; font-weight: 500;\" href=\"\/da\/om-os\/flensted-mobiles-video\/\">Flensted Mobiles video<\/a><\/p><\/div>\n\t\t\t\t<\/div>\n\t\t\t\t\t\t\t\t<\/div>\n\t\t\t\t<\/div>\n\t\t\t\t<\/div>\n\t\t\t\t\t\t<\/div>\n\t\t\t\t\t<\/div>\n\t\t<\/div>\n\t\t\t\t<div class=\"elementor-column elementor-col-66 elementor-top-column elementor-element elementor-element-3f5b906e\" data-id=\"3f5b906e\" data-element_type=\"column\">\n\t\t\t<div class=\"elementor-column-wrap elementor-element-populated\">\n\t\t\t\t\t\t\t<div class=\"elementor-widget-wrap\">\n\t\t\t\t\t\t<div class=\"elementor-element elementor-element-2900c74e elementor-widget elementor-widget-image\" data-id=\"2900c74e\" data-element_type=\"widget\" data-widget_type=\"image.default\">\n\t\t\t\t<div class=\"elementor-widget-container\">\n\t\t\t\t\t\t\t\t<div class=\"elementor-image\">\n\t\t\t\t\t\t\t\t\t\t\t\t<img decoding=\"async\" width=\"927\" height=\"596\" src=\"https:\/\/flenstemp.awork20.dk\/wp-content\/uploads\/2021\/12\/Brenderupkloden-rumskib_927x596_acf_cropped-1.jpg\" class=\"attachment-full size-full wp-image-258\" alt=\"Brenderupkloden\" srcset=\"https:\/\/flenstemp.awork20.dk\/wp-content\/uploads\/2021\/12\/Brenderupkloden-rumskib_927x596_acf_cropped-1.jpg 927w, https:\/\/flenstemp.awork20.dk\/wp-content\/uploads\/2021\/12\/Brenderupkloden-rumskib_927x596_acf_cropped-1-300x193.jpg 300w, https:\/\/flenstemp.awork20.dk\/wp-content\/uploads\/2021\/12\/Brenderupkloden-rumskib_927x596_acf_cropped-1-768x494.jpg 768w, https:\/\/flenstemp.awork20.dk\/wp-content\/uploads\/2021\/12\/Brenderupkloden-rumskib_927x596_acf_cropped-1-416x267.jpg 416w\" sizes=\"(max-width: 927px) 100vw, 927px\" \/>\t\t\t\t\t\t\t\t\t\t\t\t\t\t<\/div>\n\t\t\t\t\t\t<\/div>\n\t\t\t\t<\/div>\n\t\t\t\t\t\t<\/div>\n\t\t\t\t\t<\/div>\n\t\t<\/div>\n\t\t\t\t\t\t\t\t<\/div>\n\t\t\t\t\t<\/div>\n\t\t<\/section>\n\t\t\t\t<section class=\"elementor-section elementor-top-section elementor-element elementor-element-7379ec2 elementor-section-boxed elementor-section-height-default elementor-section-height-default wpr-particle-no wpr-jarallax-no wpr-parallax-no wpr-sticky-section-no\" data-id=\"7379ec2\" data-element_type=\"section\" data-settings=\"{&quot;background_background&quot;:&quot;classic&quot;}\">\n\t\t\t\t\t\t<div class=\"elementor-container elementor-column-gap-default\">\n\t\t\t\t\t\t\t<div class=\"elementor-row\">\n\t\t\t\t\t<div class=\"elementor-column elementor-col-100 elementor-top-column elementor-element elementor-element-353d2ecc\" data-id=\"353d2ecc\" data-element_type=\"column\" data-settings=\"{&quot;background_background&quot;:&quot;classic&quot;}\">\n\t\t\t<div class=\"elementor-column-wrap elementor-element-populated\">\n\t\t\t\t\t\t\t<div class=\"elementor-widget-wrap\">\n\t\t\t\t\t\t<section class=\"elementor-section elementor-inner-section elementor-element elementor-element-6e3ca561 elementor-section-boxed elementor-section-height-default elementor-section-height-default wpr-particle-no wpr-jarallax-no wpr-parallax-no wpr-sticky-section-no\" data-id=\"6e3ca561\" data-element_type=\"section\">\n\t\t\t\t\t\t<div class=\"elementor-container elementor-column-gap-default\">\n\t\t\t\t\t\t\t<div class=\"elementor-row\">\n\t\t\t\t\t<div class=\"elementor-column elementor-col-100 elementor-inner-column elementor-element elementor-element-2a241478\" data-id=\"2a241478\" data-element_type=\"column\">\n\t\t\t<div class=\"elementor-column-wrap elementor-element-populated\">\n\t\t\t\t\t\t\t<div class=\"elementor-widget-wrap\">\n\t\t\t\t\t\t<div class=\"elementor-element elementor-element-883c9a8 elementor-widget elementor-widget-heading\" data-id=\"883c9a8\" data-element_type=\"widget\" data-widget_type=\"heading.default\">\n\t\t\t\t<div class=\"elementor-widget-container\">\n\t\t\t<h2 class=\"elementor-heading-title elementor-size-default\">Brenderupkloden - vartegnet for vor smukke egn og by<\/h2>\t\t<\/div>\n\t\t\t\t<\/div>\n\t\t\t\t\t\t<\/div>\n\t\t\t\t\t<\/div>\n\t\t<\/div>\n\t\t\t\t\t\t\t\t<\/div>\n\t\t\t\t\t<\/div>\n\t\t<\/section>\n\t\t\t\t<section class=\"elementor-section elementor-inner-section elementor-element elementor-element-10b051d5 elementor-section-boxed elementor-section-height-default elementor-section-height-default wpr-particle-no wpr-jarallax-no wpr-parallax-no wpr-sticky-section-no\" data-id=\"10b051d5\" data-element_type=\"section\">\n\t\t\t\t\t\t<div class=\"elementor-container elementor-column-gap-default\">\n\t\t\t\t\t\t\t<div class=\"elementor-row\">\n\t\t\t\t\t<div class=\"elementor-column elementor-col-50 elementor-inner-column elementor-element elementor-element-6c4bdfb7\" data-id=\"6c4bdfb7\" data-element_type=\"column\">\n\t\t\t<div class=\"elementor-column-wrap elementor-element-populated\">\n\t\t\t\t\t\t\t<div class=\"elementor-widget-wrap\">\n\t\t\t\t\t\t<div class=\"elementor-element elementor-element-2ff9a3e1 elementor-widget elementor-widget-image\" data-id=\"2ff9a3e1\" data-element_type=\"widget\" data-widget_type=\"image.default\">\n\t\t\t\t<div class=\"elementor-widget-container\">\n\t\t\t\t\t\t\t\t<div class=\"elementor-image\">\n\t\t\t\t\t\t\t\t\t\t\t\t<img decoding=\"async\" width=\"768\" height=\"1024\" src=\"https:\/\/flenstemp.awork20.dk\/wp-content\/uploads\/2021\/12\/1111-768x1024.jpg\" class=\"attachment-large size-large wp-image-251\" alt=\"\" srcset=\"https:\/\/flenstemp.awork20.dk\/wp-content\/uploads\/2021\/12\/1111-768x1024.jpg 768w, https:\/\/flenstemp.awork20.dk\/wp-content\/uploads\/2021\/12\/1111-225x300.jpg 225w, https:\/\/flenstemp.awork20.dk\/wp-content\/uploads\/2021\/12\/1111-1152x1536.jpg 1152w, https:\/\/flenstemp.awork20.dk\/wp-content\/uploads\/2021\/12\/1111-1536x2048.jpg 1536w, https:\/\/flenstemp.awork20.dk\/wp-content\/uploads\/2021\/12\/1111-416x555.jpg 416w, https:\/\/flenstemp.awork20.dk\/wp-content\/uploads\/2021\/12\/1111.jpg 1800w\" sizes=\"(max-width: 768px) 100vw, 768px\" \/>\t\t\t\t\t\t\t\t\t\t\t\t\t\t<\/div>\n\t\t\t\t\t\t<\/div>\n\t\t\t\t<\/div>\n\t\t\t\t<div class=\"elementor-element elementor-element-5dafbeab elementor-widget elementor-widget-text-editor\" data-id=\"5dafbeab\" data-element_type=\"widget\" data-widget_type=\"text-editor.default\">\n\t\t\t\t<div class=\"elementor-widget-container\">\n\t\t\t\t\t\t\t\t<div class=\"elementor-text-editor elementor-clearfix\">\n\t\t\t\t<p>Brenderupkloden p\u00e5 Grundlovsdag den 5. juni.<\/p>\t\t\t\t\t<\/div>\n\t\t\t\t\t\t<\/div>\n\t\t\t\t<\/div>\n\t\t\t\t<div class=\"elementor-element elementor-element-60b41414 elementor-widget elementor-widget-text-editor\" data-id=\"60b41414\" data-element_type=\"widget\" data-widget_type=\"text-editor.default\">\n\t\t\t\t<div class=\"elementor-widget-container\">\n\t\t\t\t\t\t\t\t<div class=\"elementor-text-editor elementor-clearfix\">\n\t\t\t\t<h3 style=\"font-size: 18px;margin-bottom:25px\"><b>Brenderups vartegn<\/b><\/h3>\nBrenderupkloden symboliserer \u00e5benhed og samh\u00f8righed.\n\nKloden er udf\u00f8rt i 9 \u201cringe\u201d, udsk\u00e5ret i 2,5 cm tyk Cort\u00e9n st\u00e5lplade. Fra den 2-dimensionelle plade rejser Kloden sig i 3. dimension i et enkelt udtryk, der giver skulpturen en sp\u00e6ndende dynamik.\n\nN\u00e5r du passerer Kloden, vil de 9 ringe indbyrdes bev\u00e6ge sig \u2013 ogs\u00e5 om natten n\u00e5r lyset forandrer Kloden.\n\nKloden er med sit smukke, rustbrune udtryk blevet en del af landskabet, samtidigt med at den h\u00e6ver sig over det.\n\nDe 9 ringe symboliserer, at vi udg\u00f8r en helhed p\u00e5 vores runde jord.\n\nFor Brenderups borgere symbolierer den, at du enten er p\u00e5 vej ud i verden eller er ved at v\u00e6re hjemme.\n\nBrenderupkloden er udformet af Ole Flensted og blev sk\u00e5ret og sat sammen p\u00e5 Kragelund Smedie i 2015.<p><\/p>\n<h3 style=\"font-size: 18px;margin-bottom:25px\"><b>Sponsorerne<\/b><\/h3>\nGenopf\u00f8rslen af Brenderupkloden blev muliggjort med financiel st\u00f8tte af: Albani Fonden, Energi Fyns almene Fond, Familien Justesens Fond, Middelfart Industriforenings Fond, DagliBrugsen Brenderup, Fakta Brenderup, Brenderup L\u00e6gehus, Middelfart Kommune, og mange lokale har medvirket i arbejdet: KH-t\u00f8mrerne, Murerfirmaet J\u00f8rgen Lundsgaard, Boye Jensen minientreprise, Gelsted Transport, Hans Nygaard smedie, Brenderup og Omegns Erhvervsforening, Brenderup H\u00f8jskole, Flensted Mobiler og flere private.\t\t\t\t\t<\/div>\n\t\t\t\t\t\t<\/div>\n\t\t\t\t<\/div>\n\t\t\t\t\t\t<\/div>\n\t\t\t\t\t<\/div>\n\t\t<\/div>\n\t\t\t\t<div class=\"elementor-column elementor-col-50 elementor-inner-column elementor-element elementor-element-2ef62d86\" data-id=\"2ef62d86\" data-element_type=\"column\">\n\t\t\t<div class=\"elementor-column-wrap elementor-element-populated\">\n\t\t\t\t\t\t\t<div class=\"elementor-widget-wrap\">\n\t\t\t\t\t\t<div class=\"elementor-element elementor-element-40c701e5 elementor-widget elementor-widget-text-editor\" data-id=\"40c701e5\" data-element_type=\"widget\" data-widget_type=\"text-editor.default\">\n\t\t\t\t<div class=\"elementor-widget-container\">\n\t\t\t\t\t\t\t\t<div class=\"elementor-text-editor elementor-clearfix\">\n\t\t\t\t<h3 style=\"font-size: 18px;margin-bottom:25px\"><b>Brenderupklodens historie<\/b><\/h3>\nDen f\u00f8rste klode blev opf\u00f8rt i 1988 af \u201cLauget til Klodens Bevarelse\u201d, som var stiftet af lokale indbyggere, institutioner og virksomheder, bl.a. J\u00f8rgen B\u00f8gholm, Brenderup H\u00f8jskole, Geografforlaget og Flensted Mobiler.\n\nLauget fik muligheden for at overtage den meget markante rekvisit fra \u201cMysteriespillene\u201d p\u00e5 Gladsaxe Teater, den 5 meter h\u00f8je klode opf\u00f8rt i tr\u00e6.\n\nMen efter 25 \u00e5r i sol, rusk og regn fik stormen Bodil bl\u00e6st kloden ned i 2013.\n<p><\/p>\n<h3 style=\"font-size: 18px;margin-bottom:25px\"><b>Det nye Klodelaug\n<\/b><\/h3>\nDet viste sig snart at Brenderups indbyggere savnede kloden, Brenderupkloden var efter 25 \u00e5r blev byens vartegn, og et nye laug, \u201cKlodelauget\u201d, blev stiftet i 2014 med det form\u00e5l at genopf\u00f8re Brenderupkloden.\t\t\t\t\t<\/div>\n\t\t\t\t\t\t<\/div>\n\t\t\t\t<\/div>\n\t\t\t\t<div class=\"elementor-element elementor-element-b9581a4 elementor-widget elementor-widget-text-editor\" data-id=\"b9581a4\" data-element_type=\"widget\" data-widget_type=\"text-editor.default\">\n\t\t\t\t<div class=\"elementor-widget-container\">\n\t\t\t\t\t\t\t\t<div class=\"elementor-text-editor elementor-clearfix\">\n\t\t\t\t<p>P\u00e5 et meget kold februardag i 2016 blev den nye Brenderupklode indviet og d\u00f8bt i lokal \u00e6blecider.<\/p><p>Klodelauget inviterer dig til at \u201cindtage\u201d klodeh\u00f8jen: s\u00e6t dig og medit\u00e9r. F\u00f8l hvorledes verden drejer rundt om dig, og hvordan verden drejer rundt i universet \u2013 du sidder midt i al denne bev\u00e6gelse og falder selv til ro.<\/p><p>Men pas p\u00e5 hovedet: den nye Brenderupklode er MEGET solid!<\/p>\t\t\t\t\t<\/div>\n\t\t\t\t\t\t<\/div>\n\t\t\t\t<\/div>\n\t\t\t\t\t\t<\/div>\n\t\t\t\t\t<\/div>\n\t\t<\/div>\n\t\t\t\t\t\t\t\t<\/div>\n\t\t\t\t\t<\/div>\n\t\t<\/section>\n\t\t\t\t\t\t<\/div>\n\t\t\t\t\t<\/div>\n\t\t<\/div>\n\t\t\t\t\t\t\t\t<\/div>\n\t\t\t\t\t<\/div>\n\t\t<\/section>\n\t\t\t\t\t\t\t\t\t<\/div>\n\t\t\t<\/div>\n\t\t\t\t\t<\/div>\n\t\t","protected":false},"excerpt":{"rendered":"<p>Om os L\u00e6s mere Flensted teamet Mobilecentret Brenderupkloden Flensted Mobiles video Brenderupkloden &#8211; vartegnet for vor smukke egn og by Brenderupkloden p\u00e5 Grundlovsdag den 5. juni. Brenderups vartegn Brenderupkloden symboliserer \u00e5benhed og samh\u00f8righed. Kloden er udf\u00f8rt i 9 \u201cringe\u201d, udsk\u00e5ret i 2,5 cm tyk Cort\u00e9n st\u00e5lplade. Fra den 2-dimensionelle plade rejser Kloden sig i 3. [&hellip;]<\/p>\n","protected":false},"author":1,"featured_media":0,"parent":1001,"menu_order":0,"comment_status":"closed","ping_status":"closed","template":"elementor_header_footer","meta":[],"yoast_head":"<!-- This site is optimized with the Yoast SEO plugin v20.8 - https:\/\/yoast.com\/wordpress\/plugins\/seo\/ -->\n<title>Brenderupkloden - Flensted Mobiles<\/title>\n<meta name=\"description\" content=\"Brenderupskloden er et varetegn for Brenderup, som Flensted Mobiles har v\u00e6ret med til stiftelsen af. L\u00e6s mere om Brenderupskloden her.\" \/>\n<meta name=\"robots\" content=\"index, follow, max-snippet:-1, max-image-preview:large, max-video-preview:-1\" \/>\n<link rel=\"canonical\" href=\"https:\/\/flenstemp.awork20.dk\/da\/om-os\/brenderupkloden\/\" \/>\n<meta property=\"og:locale\" content=\"da_DK\" \/>\n<meta property=\"og:type\" content=\"article\" \/>\n<meta property=\"og:title\" content=\"Brenderupkloden - Flensted Mobiles\" \/>\n<meta property=\"og:description\" content=\"Brenderupskloden er et varetegn for Brenderup, som Flensted Mobiles har v\u00e6ret med til stiftelsen af. L\u00e6s mere om Brenderupskloden her.\" \/>\n<meta property=\"og:url\" content=\"https:\/\/flenstemp.awork20.dk\/da\/om-os\/brenderupkloden\/\" \/>\n<meta property=\"og:site_name\" content=\"Flensted Mobiles\" \/>\n<meta property=\"article:publisher\" content=\"https:\/\/www.facebook.com\/flenstedmobiles\" \/>\n<meta property=\"article:modified_time\" content=\"2023-03-07T13:09:28+00:00\" \/>\n<meta property=\"og:image\" content=\"https:\/\/flensted-mobiles.com\/wp-content\/uploads\/2021\/12\/Brenderupkloden-rumskib_927x596_acf_cropped-1.jpg\" \/>\n<meta name=\"twitter:card\" content=\"summary_large_image\" \/>\n<meta name=\"twitter:label1\" content=\"Estimeret l\u00e6setid\" \/>\n\t<meta name=\"twitter:data1\" content=\"3 minutter\" \/>\n<script type=\"application\/ld+json\" class=\"yoast-schema-graph\">{\"@context\":\"https:\/\/schema.org\",\"@graph\":[{\"@type\":\"WebPage\",\"@id\":\"https:\/\/flenstemp.awork20.dk\/da\/om-os\/brenderupkloden\/\",\"url\":\"https:\/\/flenstemp.awork20.dk\/da\/om-os\/brenderupkloden\/\",\"name\":\"Brenderupkloden - Flensted Mobiles\",\"isPartOf\":{\"@id\":\"https:\/\/flenstemp.awork20.dk\/#website\"},\"datePublished\":\"2021-12-03T12:06:18+00:00\",\"dateModified\":\"2023-03-07T13:09:28+00:00\",\"description\":\"Brenderupskloden er et varetegn for Brenderup, som Flensted Mobiles har v\u00e6ret med til stiftelsen af. L\u00e6s mere om Brenderupskloden her.\",\"breadcrumb\":{\"@id\":\"https:\/\/flenstemp.awork20.dk\/da\/om-os\/brenderupkloden\/#breadcrumb\"},\"inLanguage\":\"da-DK\",\"potentialAction\":[{\"@type\":\"ReadAction\",\"target\":[\"https:\/\/flenstemp.awork20.dk\/da\/om-os\/brenderupkloden\/\"]}]},{\"@type\":\"BreadcrumbList\",\"@id\":\"https:\/\/flenstemp.awork20.dk\/da\/om-os\/brenderupkloden\/#breadcrumb\",\"itemListElement\":[{\"@type\":\"ListItem\",\"position\":1,\"name\":\"Home\",\"item\":\"https:\/\/flenstemp.awork20.dk\/da\/\"},{\"@type\":\"ListItem\",\"position\":2,\"name\":\"Om Os\",\"item\":\"https:\/\/flenstemp.awork20.dk\/da\/om-os\/\"},{\"@type\":\"ListItem\",\"position\":3,\"name\":\"Brenderupkloden\"}]},{\"@type\":\"WebSite\",\"@id\":\"https:\/\/flenstemp.awork20.dk\/#website\",\"url\":\"https:\/\/flenstemp.awork20.dk\/\",\"name\":\"Flensted Mobiles\",\"description\":\"Unikke mobiler som skaber ro og balance, i enhvers hjem.\",\"publisher\":{\"@id\":\"https:\/\/flenstemp.awork20.dk\/#organization\"},\"potentialAction\":[{\"@type\":\"SearchAction\",\"target\":{\"@type\":\"EntryPoint\",\"urlTemplate\":\"https:\/\/flenstemp.awork20.dk\/?s={search_term_string}\"},\"query-input\":\"required name=search_term_string\"}],\"inLanguage\":\"da-DK\"},{\"@type\":\"Organization\",\"@id\":\"https:\/\/flenstemp.awork20.dk\/#organization\",\"name\":\"Flensted Mobiles\",\"url\":\"https:\/\/flenstemp.awork20.dk\/\",\"logo\":{\"@type\":\"ImageObject\",\"inLanguage\":\"da-DK\",\"@id\":\"https:\/\/flenstemp.awork20.dk\/#\/schema\/logo\/image\/\",\"url\":\"https:\/\/flensted-mobiles.com\/wp-content\/uploads\/2022\/03\/FlenstedLogo_med_ramme_100-3.webp\",\"contentUrl\":\"https:\/\/flensted-mobiles.com\/wp-content\/uploads\/2022\/03\/FlenstedLogo_med_ramme_100-3.webp\",\"width\":2118,\"height\":2118,\"caption\":\"Flensted Mobiles\"},\"image\":{\"@id\":\"https:\/\/flenstemp.awork20.dk\/#\/schema\/logo\/image\/\"},\"sameAs\":[\"https:\/\/www.facebook.com\/flenstedmobiles\"]}]}<\/script>\n<!-- \/ Yoast SEO plugin. -->","yoast_head_json":{"title":"Brenderupkloden - Flensted Mobiles","description":"Brenderupskloden er et varetegn for Brenderup, som Flensted Mobiles har v\u00e6ret med til stiftelsen af. L\u00e6s mere om Brenderupskloden her.","robots":{"index":"index","follow":"follow","max-snippet":"max-snippet:-1","max-image-preview":"max-image-preview:large","max-video-preview":"max-video-preview:-1"},"canonical":"https:\/\/flenstemp.awork20.dk\/da\/om-os\/brenderupkloden\/","og_locale":"da_DK","og_type":"article","og_title":"Brenderupkloden - Flensted Mobiles","og_description":"Brenderupskloden er et varetegn for Brenderup, som Flensted Mobiles har v\u00e6ret med til stiftelsen af. L\u00e6s mere om Brenderupskloden her.","og_url":"https:\/\/flenstemp.awork20.dk\/da\/om-os\/brenderupkloden\/","og_site_name":"Flensted Mobiles","article_publisher":"https:\/\/www.facebook.com\/flenstedmobiles","article_modified_time":"2023-03-07T13:09:28+00:00","og_image":[{"url":"https:\/\/flensted-mobiles.com\/wp-content\/uploads\/2021\/12\/Brenderupkloden-rumskib_927x596_acf_cropped-1.jpg"}],"twitter_card":"summary_large_image","twitter_misc":{"Estimeret l\u00e6setid":"3 minutter"},"schema":{"@context":"https:\/\/schema.org","@graph":[{"@type":"WebPage","@id":"https:\/\/flenstemp.awork20.dk\/da\/om-os\/brenderupkloden\/","url":"https:\/\/flenstemp.awork20.dk\/da\/om-os\/brenderupkloden\/","name":"Brenderupkloden - Flensted Mobiles","isPartOf":{"@id":"https:\/\/flenstemp.awork20.dk\/#website"},"datePublished":"2021-12-03T12:06:18+00:00","dateModified":"2023-03-07T13:09:28+00:00","description":"Brenderupskloden er et varetegn for Brenderup, som Flensted Mobiles har v\u00e6ret med til stiftelsen af. L\u00e6s mere om Brenderupskloden her.","breadcrumb":{"@id":"https:\/\/flenstemp.awork20.dk\/da\/om-os\/brenderupkloden\/#breadcrumb"},"inLanguage":"da-DK","potentialAction":[{"@type":"ReadAction","target":["https:\/\/flenstemp.awork20.dk\/da\/om-os\/brenderupkloden\/"]}]},{"@type":"BreadcrumbList","@id":"https:\/\/flenstemp.awork20.dk\/da\/om-os\/brenderupkloden\/#breadcrumb","itemListElement":[{"@type":"ListItem","position":1,"name":"Home","item":"https:\/\/flenstemp.awork20.dk\/da\/"},{"@type":"ListItem","position":2,"name":"Om Os","item":"https:\/\/flenstemp.awork20.dk\/da\/om-os\/"},{"@type":"ListItem","position":3,"name":"Brenderupkloden"}]},{"@type":"WebSite","@id":"https:\/\/flenstemp.awork20.dk\/#website","url":"https:\/\/flenstemp.awork20.dk\/","name":"Flensted Mobiles","description":"Unikke mobiler som skaber ro og balance, i enhvers hjem.","publisher":{"@id":"https:\/\/flenstemp.awork20.dk\/#organization"},"potentialAction":[{"@type":"SearchAction","target":{"@type":"EntryPoint","urlTemplate":"https:\/\/flenstemp.awork20.dk\/?s={search_term_string}"},"query-input":"required name=search_term_string"}],"inLanguage":"da-DK"},{"@type":"Organization","@id":"https:\/\/flenstemp.awork20.dk\/#organization","name":"Flensted Mobiles","url":"https:\/\/flenstemp.awork20.dk\/","logo":{"@type":"ImageObject","inLanguage":"da-DK","@id":"https:\/\/flenstemp.awork20.dk\/#\/schema\/logo\/image\/","url":"https:\/\/flensted-mobiles.com\/wp-content\/uploads\/2022\/03\/FlenstedLogo_med_ramme_100-3.webp","contentUrl":"https:\/\/flensted-mobiles.com\/wp-content\/uploads\/2022\/03\/FlenstedLogo_med_ramme_100-3.webp","width":2118,"height":2118,"caption":"Flensted Mobiles"},"image":{"@id":"https:\/\/flenstemp.awork20.dk\/#\/schema\/logo\/image\/"},"sameAs":["https:\/\/www.facebook.com\/flenstedmobiles"]}]}},"_links":{"self":[{"href":"https:\/\/flenstemp.awork20.dk\/da\/wp-json\/wp\/v2\/pages\/1006"}],"collection":[{"href":"https:\/\/flenstemp.awork20.dk\/da\/wp-json\/wp\/v2\/pages"}],"about":[{"href":"https:\/\/flenstemp.awork20.dk\/da\/wp-json\/wp\/v2\/types\/page"}],"author":[{"embeddable":true,"href":"https:\/\/flenstemp.awork20.dk\/da\/wp-json\/wp\/v2\/users\/1"}],"replies":[{"embeddable":true,"href":"https:\/\/flenstemp.awork20.dk\/da\/wp-json\/wp\/v2\/comments?post=1006"}],"version-history":[{"count":13,"href":"https:\/\/flenstemp.awork20.dk\/da\/wp-json\/wp\/v2\/pages\/1006\/revisions"}],"predecessor-version":[{"id":54917,"href":"https:\/\/flenstemp.awork20.dk\/da\/wp-json\/wp\/v2\/pages\/1006\/revisions\/54917"}],"up":[{"embeddable":true,"href":"https:\/\/flenstemp.awork20.dk\/da\/wp-json\/wp\/v2\/pages\/1001"}],"wp:attachment":[{"href":"https:\/\/flenstemp.awork20.dk\/da\/wp-json\/wp\/v2\/media?parent=1006"}],"curies":[{"name":"wp","href":"https:\/\/api.w.org\/{rel}","templated":true}]}}